{"id":1156,"date":"2024-04-20T22:36:56","date_gmt":"2024-04-20T21:36:56","guid":{"rendered":"https:\/\/a2m.ma\/?page_id=1156"},"modified":"2024-04-20T22:52:37","modified_gmt":"2024-04-20T21:52:37","slug":"laboratoire-2","status":"publish","type":"page","link":"https:\/\/a2m.ma\/?page_id=1156","title":{"rendered":"Laboratoire"},"content":{"rendered":"\t\t<div data-elementor-type=\"wp-page\" data-elementor-id=\"1156\" class=\"elementor elementor-1156\">\n\t\t\t\t<div class=\"elementor-element elementor-element-8d7683f e-flex e-con-boxed e-con e-parent\" data-id=\"8d7683f\" data-element_type=\"container\">\n\t\t\t\t\t<div class=\"e-con-inner\">\n\t\t\t\t<div class=\"elementor-element elementor-element-79513ce8 elementor-widget elementor-widget-text-editor\" data-id=\"79513ce8\" data-element_type=\"widget\" data-widget_type=\"text-editor.default\">\n\t\t\t\t<div class=\"elementor-widget-container\">\n\t\t\t<style>\/*! elementor - v3.21.0 - 18-04-2024 *\/\n.elementor-widget-text-editor.elementor-drop-cap-view-stacked .elementor-drop-cap{background-color:#69727d;color:#fff}.elementor-widget-text-editor.elementor-drop-cap-view-framed .elementor-drop-cap{color:#69727d;border:3px solid;background-color:transparent}.elementor-widget-text-editor:not(.elementor-drop-cap-view-default) .elementor-drop-cap{margin-top:8px}.elementor-widget-text-editor:not(.elementor-drop-cap-view-default) .elementor-drop-cap-letter{width:1em;height:1em}.elementor-widget-text-editor .elementor-drop-cap{float:left;text-align:center;line-height:1;font-size:50px}.elementor-widget-text-editor .elementor-drop-cap-letter{display:inline-block}<\/style>\t\t\t\t<!-- wp:list -->\n<ul><\/ul>\n<!-- \/wp:list -->\t\t\t\t\t\t<\/div>\n\t\t\t\t<\/div>\n\t\t\t\t\t<\/div>\n\t\t\t\t<\/div>\n\t\t<div class=\"elementor-element elementor-element-7e834c9 e-flex e-con-boxed e-con e-parent\" data-id=\"7e834c9\" data-element_type=\"container\">\n\t\t\t\t\t<div class=\"e-con-inner\">\n\t\t\t\t<div class=\"elementor-element elementor-element-aca402c elementor-widget elementor-widget-image\" data-id=\"aca402c\" data-element_type=\"widget\" data-widget_type=\"image.default\">\n\t\t\t\t<div class=\"elementor-widget-container\">\n\t\t\t<style>\/*! elementor - v3.21.0 - 18-04-2024 *\/\n.elementor-widget-image{text-align:center}.elementor-widget-image a{display:inline-block}.elementor-widget-image a img[src$=\".svg\"]{width:48px}.elementor-widget-image img{vertical-align:middle;display:inline-block}<\/style>\t\t\t\t\t\t\t\t\t\t<img fetchpriority=\"high\" decoding=\"async\" width=\"1024\" height=\"329\" src=\"https:\/\/a2m.ma\/wp-content\/uploads\/2024\/03\/Etalonnage-microbiocollecteurs-1024x329.jpg\" class=\"attachment-large size-large wp-image-888\" alt=\"laboratoire etalonnage\" srcset=\"https:\/\/a2m.ma\/wp-content\/uploads\/2024\/03\/Etalonnage-microbiocollecteurs-1024x329.jpg 1024w, https:\/\/a2m.ma\/wp-content\/uploads\/2024\/03\/Etalonnage-microbiocollecteurs-300x96.jpg 300w, https:\/\/a2m.ma\/wp-content\/uploads\/2024\/03\/Etalonnage-microbiocollecteurs-768x247.jpg 768w, https:\/\/a2m.ma\/wp-content\/uploads\/2024\/03\/Etalonnage-microbiocollecteurs.jpg 1400w\" sizes=\"(max-width: 1024px) 100vw, 1024px\" \/>\t\t\t\t\t\t\t\t\t\t\t\t\t<\/div>\n\t\t\t\t<\/div>\n\t\t\t\t\t<\/div>\n\t\t\t\t<\/div>\n\t\t<div class=\"elementor-element elementor-element-32e3ab6 e-flex e-con-boxed e-con e-parent\" data-id=\"32e3ab6\" data-element_type=\"container\">\n\t\t\t\t\t<div class=\"e-con-inner\">\n\t\t\t\t<div class=\"elementor-element elementor-element-fcf97d9 elementor-widget elementor-widget-text-editor\" data-id=\"fcf97d9\" data-element_type=\"widget\" data-widget_type=\"text-editor.default\">\n\t\t\t\t<div class=\"elementor-widget-container\">\n\t\t\t\t\t\t\t<p><strong>A2M<\/strong>\u00a0 se positionne en tant que laboratoire sp\u00e9cialis\u00e9 dans le domaine de la m\u00e9trologie, offrant une gamme compl\u00e8te de services tels que l&rsquo;\u00e9talonnage, la v\u00e9rification, la maintenance, la r\u00e9paration, ainsi que la fourniture d&rsquo;instruments de mesure, de mat\u00e9riel et d&rsquo;accessoires de laboratoire. Notre engagement envers le d\u00e9veloppement des activit\u00e9s de m\u00e9trologie se manifeste par notre volont\u00e9 d&rsquo;\u00eatre votre partenaire privil\u00e9gi\u00e9 dans la r\u00e9alisation de travaux d&rsquo;\u00e9talonnage, de v\u00e9rification, de maintenance et de r\u00e9paration d&rsquo;instruments de mesure.<\/p>\n<p>Nous nous distinguons par notre capacit\u00e9 \u00e0 faciliter l&rsquo;acquisition de technologies de mesure avanc\u00e9es et de syst\u00e8mes de contr\u00f4le de qualit\u00e9. En plus de nos services techniques, nous mettons \u00e0 votre disposition des \u00e9quipes hautement performantes qui garantissent la qualit\u00e9 exceptionnelle de nos prestations. Au-del\u00e0 de l&rsquo;\u00e9tablissement d&rsquo;une organisation ax\u00e9e sur la qualit\u00e9, A2M se distingue par son \u00e9coute attentive des exigences de nos clients. Notre approche pragmatique nous permet d&rsquo;\u00e9tablir des relations de partenariat solides et durables. Nous sommes r\u00e9solument engag\u00e9s \u00e0 r\u00e9pondre efficacement \u00e0 vos besoins, en vous offrant une expertise m\u00e9trologique de pointe et en cr\u00e9ant des liens durables bas\u00e9s sur la confiance mutuelle.<\/p>\n<p>\u00a0<\/p>\t\t\t\t\t\t<\/div>\n\t\t\t\t<\/div>\n\t\t\t\t\t<\/div>\n\t\t\t\t<\/div>\n\t\t<div class=\"elementor-element elementor-element-94dd11a e-flex e-con-boxed e-con e-parent\" data-id=\"94dd11a\" data-element_type=\"container\">\n\t\t\t\t\t<div class=\"e-con-inner\">\n\t\t\t\t<div class=\"elementor-element elementor-element-b9bf0a3 elementor-widget elementor-widget-text-editor\" data-id=\"b9bf0a3\" data-element_type=\"widget\" data-widget_type=\"text-editor.default\">\n\t\t\t\t<div class=\"elementor-widget-container\">\n\t\t\t\t\t\t\t<p><strong>NOS POINTS FORTS<\/strong><\/p>\n<p>Une progression rapide tir\u00e9e par une dynamique des progr\u00e8s technique, une \u00e9coute et une capacit\u00e9 d\u2019adaptation aux besoins des clients et un fort consensus industriel<\/p>\n<p>Une exp\u00e9rience diversifi\u00e9e dans une large client\u00e8le dans tous les secteurs industriels (AERONAUTIQUE, AGRO-ALIMENTAIRE, AUTOMOBILE, PHARMACEUTIQUE).<\/p>\n<p><strong><span style=\"font-size: 15px; text-align: var(--text-align);\">NOS OBJECTIFS<\/span><\/strong><\/p>\n<p>Respecter et faire respecter les exigences de la norme ISO 17025, ainsi que les exigences du client, les exigences l\u00e9gales et r\u00e9glementaires.<\/p>\n<p>Assurer les bonnes pratiques professionnelles lors de la r\u00e9alisation des op\u00e9rations d\u2019\u00e9talonnage.<\/p>\n<p>Assurer la p\u00e9rennit\u00e9 de l\u2019entreprise gr\u00e2ce \u00e0 l\u2019am\u00e9lioration de la technicit\u00e9 des prestations et services.<\/p>\n<p>Veiller \u00e0 ce que l\u2019ensemble du personnel prenne connaissance de la documentation qualit\u00e9 et appliquer les politiques et proc\u00e9dures dans leurs activit\u00e9s.<\/p>\t\t\t\t\t\t<\/div>\n\t\t\t\t<\/div>\n\t\t\t\t\t<\/div>\n\t\t\t\t<\/div>\n\t\t\t\t<\/div>\n\t\t","protected":false},"excerpt":{"rendered":"<p>A2M\u00a0 se positionne en tant que laboratoire sp\u00e9cialis\u00e9 dans le domaine de la m\u00e9trologie, offrant une gamme compl\u00e8te de services tels que l&rsquo;\u00e9talonnage, la v\u00e9rification, la maintenance, la r\u00e9paration, ainsi que la fourniture d&rsquo;instruments de mesure, de mat\u00e9riel et d&rsquo;accessoires de laboratoire. Notre engagement envers le d\u00e9veloppement des activit\u00e9s de m\u00e9trologie se manifeste par notre [&hellip;]<\/p>\n","protected":false},"author":1,"featured_media":0,"parent":0,"menu_order":0,"comment_status":"closed","ping_status":"closed","template":"elementor_header_footer","meta":{"ocean_post_layout":"","ocean_both_sidebars_style":"","ocean_both_sidebars_content_width":0,"ocean_both_sidebars_sidebars_width":0,"ocean_sidebar":"","ocean_second_sidebar":"","ocean_disable_margins":"enable","ocean_add_body_class":"","ocean_shortcode_before_top_bar":"","ocean_shortcode_after_top_bar":"","ocean_shortcode_before_header":"","ocean_shortcode_after_header":"","ocean_has_shortcode":"","ocean_shortcode_after_title":"","ocean_shortcode_before_footer_widgets":"","ocean_shortcode_after_footer_widgets":"","ocean_shortcode_before_footer_bottom":"","ocean_shortcode_after_footer_bottom":"","ocean_display_top_bar":"default","ocean_display_header":"default","ocean_header_style":"","ocean_center_header_left_menu":"","ocean_custom_header_template":"","ocean_custom_logo":0,"ocean_custom_retina_logo":0,"ocean_custom_logo_max_width":0,"ocean_custom_logo_tablet_max_width":0,"ocean_custom_logo_mobile_max_width":0,"ocean_custom_logo_max_height":0,"ocean_custom_logo_tablet_max_height":0,"ocean_custom_logo_mobile_max_height":0,"ocean_header_custom_menu":"","ocean_menu_typo_font_family":"","ocean_menu_typo_font_subset":"","ocean_menu_typo_font_size":0,"ocean_menu_typo_font_size_tablet":0,"ocean_menu_typo_font_size_mobile":0,"ocean_menu_typo_font_size_unit":"px","ocean_menu_typo_font_weight":"","ocean_menu_typo_font_weight_tablet":"","ocean_menu_typo_font_weight_mobile":"","ocean_menu_typo_transform":"","ocean_menu_typo_transform_tablet":"","ocean_menu_typo_transform_mobile":"","ocean_menu_typo_line_height":0,"ocean_menu_typo_line_height_tablet":0,"ocean_menu_typo_line_height_mobile":0,"ocean_menu_typo_line_height_unit":"","ocean_menu_typo_spacing":0,"ocean_menu_typo_spacing_tablet":0,"ocean_menu_typo_spacing_mobile":0,"ocean_menu_typo_spacing_unit":"","ocean_menu_link_color":"","ocean_menu_link_color_hover":"","ocean_menu_link_color_active":"","ocean_menu_link_background":"","ocean_menu_link_hover_background":"","ocean_menu_link_active_background":"","ocean_menu_social_links_bg":"","ocean_menu_social_hover_links_bg":"","ocean_menu_social_links_color":"","ocean_menu_social_hover_links_color":"","ocean_disable_title":"default","ocean_disable_heading":"default","ocean_post_title":"","ocean_post_subheading":"","ocean_post_title_style":"","ocean_post_title_background_color":"","ocean_post_title_background":0,"ocean_post_title_bg_image_position":"","ocean_post_title_bg_image_attachment":"","ocean_post_title_bg_image_repeat":"","ocean_post_title_bg_image_size":"","ocean_post_title_height":0,"ocean_post_title_bg_overlay":0.5,"ocean_post_title_bg_overlay_color":"","ocean_disable_breadcrumbs":"default","ocean_breadcrumbs_color":"","ocean_breadcrumbs_separator_color":"","ocean_breadcrumbs_links_color":"","ocean_breadcrumbs_links_hover_color":"","ocean_display_footer_widgets":"default","ocean_display_footer_bottom":"default","ocean_custom_footer_template":"","footnotes":""},"class_list":["post-1156","page","type-page","status-publish","hentry","entry"],"yoast_head":"<!-- This site is optimized with the Yoast SEO plugin v22.5 - https:\/\/yoast.com\/wordpress\/plugins\/seo\/ -->\n<title>Laboratoire<\/title>\n<meta name=\"robots\" content=\"index, follow, max-snippet:-1, max-image-preview:large, max-video-preview:-1\" \/>\n<link rel=\"canonical\" href=\"https:\/\/a2m.ma\/?page_id=1156\" \/>\n<meta property=\"og:locale\" content=\"fr_FR\" \/>\n<meta property=\"og:type\" content=\"article\" \/>\n<meta property=\"og:title\" content=\"Laboratoire\" \/>\n<meta property=\"og:description\" content=\"A2M\u00a0 se positionne en tant que laboratoire sp\u00e9cialis\u00e9 dans le domaine de la m\u00e9trologie, offrant une gamme compl\u00e8te de services tels que l&rsquo;\u00e9talonnage, la v\u00e9rification, la maintenance, la r\u00e9paration, ainsi que la fourniture d&rsquo;instruments de mesure, de mat\u00e9riel et d&rsquo;accessoires de laboratoire. Notre engagement envers le d\u00e9veloppement des activit\u00e9s de m\u00e9trologie se manifeste par notre [&hellip;]\" \/>\n<meta property=\"og:url\" content=\"https:\/\/a2m.ma\/?page_id=1156\" \/>\n<meta property=\"og:site_name\" content=\"A2M Maroc\" \/>\n<meta property=\"article:modified_time\" content=\"2024-04-20T21:52:37+00:00\" \/>\n<meta property=\"og:image\" content=\"https:\/\/a2m.ma\/wp-content\/uploads\/2024\/03\/Etalonnage-microbiocollecteurs-1024x329.jpg\" \/>\n<meta name=\"twitter:card\" content=\"summary_large_image\" \/>\n<meta name=\"twitter:label1\" content=\"Dur\u00e9e de lecture estim\u00e9e\" \/>\n\t<meta name=\"twitter:data1\" content=\"2 minutes\" \/>\n<script type=\"application\/ld+json\" class=\"yoast-schema-graph\">{\"@context\":\"https:\/\/schema.org\",\"@graph\":[{\"@type\":\"WebPage\",\"@id\":\"https:\/\/a2m.ma\/?page_id=1156\",\"url\":\"https:\/\/a2m.ma\/?page_id=1156\",\"name\":\"Laboratoire\",\"isPartOf\":{\"@id\":\"https:\/\/a2m.ma\/#website\"},\"primaryImageOfPage\":{\"@id\":\"https:\/\/a2m.ma\/?page_id=1156#primaryimage\"},\"image\":{\"@id\":\"https:\/\/a2m.ma\/?page_id=1156#primaryimage\"},\"thumbnailUrl\":\"https:\/\/a2m.ma\/wp-content\/uploads\/2024\/03\/Etalonnage-microbiocollecteurs-1024x329.jpg\",\"datePublished\":\"2024-04-20T21:36:56+00:00\",\"dateModified\":\"2024-04-20T21:52:37+00:00\",\"breadcrumb\":{\"@id\":\"https:\/\/a2m.ma\/?page_id=1156#breadcrumb\"},\"inLanguage\":\"fr-FR\",\"potentialAction\":[{\"@type\":\"ReadAction\",\"target\":[\"https:\/\/a2m.ma\/?page_id=1156\"]}]},{\"@type\":\"ImageObject\",\"inLanguage\":\"fr-FR\",\"@id\":\"https:\/\/a2m.ma\/?page_id=1156#primaryimage\",\"url\":\"https:\/\/a2m.ma\/wp-content\/uploads\/2024\/03\/Etalonnage-microbiocollecteurs.jpg\",\"contentUrl\":\"https:\/\/a2m.ma\/wp-content\/uploads\/2024\/03\/Etalonnage-microbiocollecteurs.jpg\",\"width\":1400,\"height\":450,\"caption\":\"metrologie maroc\"},{\"@type\":\"BreadcrumbList\",\"@id\":\"https:\/\/a2m.ma\/?page_id=1156#breadcrumb\",\"itemListElement\":[{\"@type\":\"ListItem\",\"position\":1,\"name\":\"Acceuil\",\"item\":\"https:\/\/a2m.ma\/\"},{\"@type\":\"ListItem\",\"position\":2,\"name\":\"Laboratoire\"}]},{\"@type\":\"WebSite\",\"@id\":\"https:\/\/a2m.ma\/#website\",\"url\":\"https:\/\/a2m.ma\/\",\"name\":\"A2M Maroc\",\"description\":\"Pr\u00e9cision certifi\u00e9e, A2M Maroc\",\"publisher\":{\"@id\":\"https:\/\/a2m.ma\/#organization\"},\"potentialAction\":[{\"@type\":\"SearchAction\",\"target\":{\"@type\":\"EntryPoint\",\"urlTemplate\":\"https:\/\/a2m.ma\/?s={search_term_string}\"},\"query-input\":\"required name=search_term_string\"}],\"inLanguage\":\"fr-FR\"},{\"@type\":\"Organization\",\"@id\":\"https:\/\/a2m.ma\/#organization\",\"name\":\"A2M Maroc\",\"url\":\"https:\/\/a2m.ma\/\",\"logo\":{\"@type\":\"ImageObject\",\"inLanguage\":\"fr-FR\",\"@id\":\"https:\/\/a2m.ma\/#\/schema\/logo\/image\/\",\"url\":\"https:\/\/a2m.ma\/wp-content\/uploads\/2024\/04\/cropped-A2M_Plan-de-travail-1.png\",\"contentUrl\":\"https:\/\/a2m.ma\/wp-content\/uploads\/2024\/04\/cropped-A2M_Plan-de-travail-1.png\",\"width\":876,\"height\":367,\"caption\":\"A2M Maroc\"},\"image\":{\"@id\":\"https:\/\/a2m.ma\/#\/schema\/logo\/image\/\"}}]}<\/script>\n<!-- \/ Yoast SEO plugin. -->","yoast_head_json":{"title":"Laboratoire","robots":{"index":"index","follow":"follow","max-snippet":"max-snippet:-1","max-image-preview":"max-image-preview:large","max-video-preview":"max-video-preview:-1"},"canonical":"https:\/\/a2m.ma\/?page_id=1156","og_locale":"fr_FR","og_type":"article","og_title":"Laboratoire","og_description":"A2M\u00a0 se positionne en tant que laboratoire sp\u00e9cialis\u00e9 dans le domaine de la m\u00e9trologie, offrant une gamme compl\u00e8te de services tels que l&rsquo;\u00e9talonnage, la v\u00e9rification, la maintenance, la r\u00e9paration, ainsi que la fourniture d&rsquo;instruments de mesure, de mat\u00e9riel et d&rsquo;accessoires de laboratoire. Notre engagement envers le d\u00e9veloppement des activit\u00e9s de m\u00e9trologie se manifeste par notre [&hellip;]","og_url":"https:\/\/a2m.ma\/?page_id=1156","og_site_name":"A2M Maroc","article_modified_time":"2024-04-20T21:52:37+00:00","og_image":[{"url":"https:\/\/a2m.ma\/wp-content\/uploads\/2024\/03\/Etalonnage-microbiocollecteurs-1024x329.jpg"}],"twitter_card":"summary_large_image","twitter_misc":{"Dur\u00e9e de lecture estim\u00e9e":"2 minutes"},"schema":{"@context":"https:\/\/schema.org","@graph":[{"@type":"WebPage","@id":"https:\/\/a2m.ma\/?page_id=1156","url":"https:\/\/a2m.ma\/?page_id=1156","name":"Laboratoire","isPartOf":{"@id":"https:\/\/a2m.ma\/#website"},"primaryImageOfPage":{"@id":"https:\/\/a2m.ma\/?page_id=1156#primaryimage"},"image":{"@id":"https:\/\/a2m.ma\/?page_id=1156#primaryimage"},"thumbnailUrl":"https:\/\/a2m.ma\/wp-content\/uploads\/2024\/03\/Etalonnage-microbiocollecteurs-1024x329.jpg","datePublished":"2024-04-20T21:36:56+00:00","dateModified":"2024-04-20T21:52:37+00:00","breadcrumb":{"@id":"https:\/\/a2m.ma\/?page_id=1156#breadcrumb"},"inLanguage":"fr-FR","potentialAction":[{"@type":"ReadAction","target":["https:\/\/a2m.ma\/?page_id=1156"]}]},{"@type":"ImageObject","inLanguage":"fr-FR","@id":"https:\/\/a2m.ma\/?page_id=1156#primaryimage","url":"https:\/\/a2m.ma\/wp-content\/uploads\/2024\/03\/Etalonnage-microbiocollecteurs.jpg","contentUrl":"https:\/\/a2m.ma\/wp-content\/uploads\/2024\/03\/Etalonnage-microbiocollecteurs.jpg","width":1400,"height":450,"caption":"metrologie maroc"},{"@type":"BreadcrumbList","@id":"https:\/\/a2m.ma\/?page_id=1156#breadcrumb","itemListElement":[{"@type":"ListItem","position":1,"name":"Acceuil","item":"https:\/\/a2m.ma\/"},{"@type":"ListItem","position":2,"name":"Laboratoire"}]},{"@type":"WebSite","@id":"https:\/\/a2m.ma\/#website","url":"https:\/\/a2m.ma\/","name":"A2M Maroc","description":"Pr\u00e9cision certifi\u00e9e, A2M Maroc","publisher":{"@id":"https:\/\/a2m.ma\/#organization"},"potentialAction":[{"@type":"SearchAction","target":{"@type":"EntryPoint","urlTemplate":"https:\/\/a2m.ma\/?s={search_term_string}"},"query-input":"required name=search_term_string"}],"inLanguage":"fr-FR"},{"@type":"Organization","@id":"https:\/\/a2m.ma\/#organization","name":"A2M Maroc","url":"https:\/\/a2m.ma\/","logo":{"@type":"ImageObject","inLanguage":"fr-FR","@id":"https:\/\/a2m.ma\/#\/schema\/logo\/image\/","url":"https:\/\/a2m.ma\/wp-content\/uploads\/2024\/04\/cropped-A2M_Plan-de-travail-1.png","contentUrl":"https:\/\/a2m.ma\/wp-content\/uploads\/2024\/04\/cropped-A2M_Plan-de-travail-1.png","width":876,"height":367,"caption":"A2M Maroc"},"image":{"@id":"https:\/\/a2m.ma\/#\/schema\/logo\/image\/"}}]}},"_links":{"self":[{"href":"https:\/\/a2m.ma\/index.php?rest_route=\/wp\/v2\/pages\/1156","targetHints":{"allow":["GET"]}}],"collection":[{"href":"https:\/\/a2m.ma\/index.php?rest_route=\/wp\/v2\/pages"}],"about":[{"href":"https:\/\/a2m.ma\/index.php?rest_route=\/wp\/v2\/types\/page"}],"author":[{"embeddable":true,"href":"https:\/\/a2m.ma\/index.php?rest_route=\/wp\/v2\/users\/1"}],"replies":[{"embeddable":true,"href":"https:\/\/a2m.ma\/index.php?rest_route=%2Fwp%2Fv2%2Fcomments&post=1156"}],"version-history":[{"count":11,"href":"https:\/\/a2m.ma\/index.php?rest_route=\/wp\/v2\/pages\/1156\/revisions"}],"predecessor-version":[{"id":1176,"href":"https:\/\/a2m.ma\/index.php?rest_route=\/wp\/v2\/pages\/1156\/revisions\/1176"}],"wp:attachment":[{"href":"https:\/\/a2m.ma\/index.php?rest_route=%2Fwp%2Fv2%2Fmedia&parent=1156"}],"curies":[{"name":"wp","href":"https:\/\/api.w.org\/{rel}","templated":true}]}}